{"id":6171,"date":"2021-09-06T10:04:46","date_gmt":"2021-09-06T10:04:46","guid":{"rendered":"https:\/\/criterdestaque.pt\/privacy-policy\/"},"modified":"2022-06-02T09:48:21","modified_gmt":"2022-06-02T09:48:21","slug":"privacy-policy","status":"publish","type":"page","link":"https:\/\/criterdestaque.pt\/en\/privacy-policy\/","title":{"rendered":"Privacy Policy"},"content":{"rendered":"\t\t<div data-elementor-type=\"wp-page\" data-elementor-id=\"6171\" class=\"elementor elementor-6171 elementor-17\" data-elementor-post-type=\"page\">\n\t\t\t\t\t\t\t        <section class=\"elementor-section elementor-top-section elementor-element elementor-element-b306fdf elementor-section-full_width cms-section-no-padding-yes elementor-section-height-default elementor-section-height-default cms-full-content-with-space-none cms-boxed-bg-false cms-section-boxed-divider-false cms-remove-row-no\" data-id=\"b306fdf\" data-element_type=\"section\">\n\t\t\n\t\t<div class=\"cms-overlay-gradient\"><\/div><div class=\"cms-section-boxed-bg\"><\/div><div class=\"cms-section-boxed-divider\"><\/div><div class=\"cms-elementor-section-remove\"><\/div>        <div class=\"elementor-container elementor-column-gap-no \" >\n\t\t        <div class=\"elementor-column elementor-col-100 elementor-top-column elementor-element elementor-element-28a3672\" data-id=\"28a3672\" data-element_type=\"column\">\n        <div class=\"elementor-widget-wrap elementor-element-populated\">\n                        \t\t<div class=\"elementor-element elementor-element-a8c1506 cms-page-title-layout-1 elementor-widget elementor-widget-cms_page_title\" data-id=\"a8c1506\" data-element_type=\"widget\" data-widget_type=\"cms_page_title.default\">\n\t\t\t\t<div class=\"elementor-widget-container\">\n\t\t\t<div class=\"cms-page-title-wrapper pt-50 pt-lg-100 pt-xl-138 cms-overlay-gradient-1 text-\" style=\"background-image:url(https:\/\/criterdestaque.pt\/wp-content\/uploads\/2022\/05\/Group-137-1.png);\">\r\n    <div class=\"cms-page-title-overlay cms-page-title-gradient cms-overlay-gradient\"><\/div>\r\n    <div class=\"container\">\r\n        <div class=\"row justify-content-\">\r\n            <div class=\"cms-page-title-content-col col-12 col-lg-10 col-xl-7\">\r\n                <div class=\"cms-page-title-content\">\r\n                        <h1 class=\"cms-mainheading cms-heading empty-none text-30 text-md-40 text-lg-50 text-xl-75 lh-1  text-white empty-none\">Privacy Policy<\/h1>\r\n    <div class=\"extra-space clearfix\"> <\/div>\r\n                    <div class=\"row gutters-30 gutters-grid pt-35 empty-none justify-content-\"><\/div>\r\n                <\/div>\r\n            <\/div>\r\n        <\/div>\r\n    <\/div>\r\n    <div class=\"pt-50 pt-xl-120 pt-xl-150 d-block\"><\/div>\r\n    <div class=\"cms-breadcrumbs-wrap cms-pagetitle-breadcrumb bg-white p-tb-18 relative\"><div class=\"container\"><div class=\"cms-breadcrumb text-14 justify-content-\"><div class=\"breadcrumb-item d-flex align-items-center\"><span class=\"breadcrumb-text text-white\" >Home<\/span><span class=\"breadcrumb-divider text-custom cmsi-chevron-right rtl-flip\"><\/span><\/div><\/div><\/div><\/div><\/div>\t\t<\/div>\n\t\t\t\t<\/div>\n\t\t        <\/div>\n        <\/div>\n        \t\t        <\/div>\n        <\/section>\n\t\t        <section class=\"elementor-section elementor-top-section elementor-element elementor-element-2796e34a elementor-reverse-tablet elementor-reverse-mobile elementor-section-boxed elementor-section-height-default elementor-section-height-default cms-section-no-padding-no cms-boxed-bg-false cms-section-boxed-divider-false cms-remove-row-no\" data-id=\"2796e34a\" data-element_type=\"section\">\n\t\t\n\t\t<div class=\"cms-overlay-gradient\"><\/div><div class=\"cms-section-boxed-bg\"><\/div><div class=\"cms-section-boxed-divider\"><\/div><div class=\"cms-elementor-section-remove\"><\/div>        <div class=\"elementor-container elementor-column-gap-default \" >\n\t\t        <div class=\"elementor-column elementor-col-100 elementor-top-column elementor-element elementor-element-290fc1c1 pl-xl-20\" data-id=\"290fc1c1\" data-element_type=\"column\">\n        <div class=\"elementor-widget-wrap elementor-element-populated\">\n                                <section class=\"elementor-section elementor-inner-section elementor-element elementor-element-038bed4 elementor-section-boxed elementor-section-height-default elementor-section-height-default cms-section-no-padding-no cms-boxed-bg-false cms-section-boxed-divider-false cms-remove-row-no\" data-id=\"038bed4\" data-element_type=\"section\">\n\t\t\n\t\t<div class=\"cms-overlay-gradient\"><\/div><div class=\"cms-section-boxed-bg\"><\/div><div class=\"cms-section-boxed-divider\"><\/div><div class=\"cms-elementor-section-remove\"><\/div>        <div class=\"elementor-container elementor-column-gap-default \" >\n\t\t        <div class=\"elementor-column elementor-col-100 elementor-inner-column elementor-element elementor-element-e00a4b5 cms-shadow-1 p-tb-30 p-lr-xl-30 cms-divider divider-bottom divider-primary\" data-id=\"e00a4b5\" data-element_type=\"column\">\n        <div class=\"elementor-widget-wrap elementor-element-populated\">\n                        \t\t<div class=\"elementor-element elementor-element-ca54375 elementor-widget elementor-widget-text-editor\" data-id=\"ca54375\" data-element_type=\"widget\" data-widget_type=\"text-editor.default\">\n\t\t\t\t<div class=\"elementor-widget-container\">\n\t\t\t<style>\/*! elementor - v3.15.0 - 20-08-2023 *\/\n.elementor-widget-text-editor.elementor-drop-cap-view-stacked .elementor-drop-cap{background-color:#69727d;color:#fff}.elementor-widget-text-editor.elementor-drop-cap-view-framed .elementor-drop-cap{color:#69727d;border:3px solid;background-color:transparent}.elementor-widget-text-editor:not(.elementor-drop-cap-view-default) .elementor-drop-cap{margin-top:8px}.elementor-widget-text-editor:not(.elementor-drop-cap-view-default) .elementor-drop-cap-letter{width:1em;height:1em}.elementor-widget-text-editor .elementor-drop-cap{float:left;text-align:center;line-height:1;font-size:50px}.elementor-widget-text-editor .elementor-drop-cap-letter{display:inline-block}<\/style>\t\t\t\t<p><u>Privacy Policy<\/u><\/p>\n<p>Please read, carefully, the information about our cookies and privacy policies.<\/p>\n<p>If you do not agree with our policies you should not use our website.<\/p>\n<p>The presente policy of cookies and policy of privacy disclose how the information is collected and how the personal data are used, as also the methods of security adopted in the treatment of the data.<\/p>\n<p><strong>Our Company \u2013 Criterdestaque \u2013 Prote\u00e7\u00e3o Contra Inc\u00eandio Unip. Lda, owned by Paulo Alexandre Gomes de Almeida, VAT Nr 510864856, hereafter designated Criterdestaque \u2013 Prote\u00e7\u00e3o Contra Inc\u00eandio Unip. <\/strong><strong>Lda, recognizes the importance of privacy. We will never sell or share your information with third parties, either private or enterprises.<\/strong><\/p>\n<p><strong>The website <\/strong><a href=\"http:\/\/www.criterdestaque.pt\">www.criterdestaque.pt<\/a><strong> is property of Criterdestaque \u2013 Prote\u00e7\u00e3o Contra Inc\u00eandio Unip. Lda, headquarters in Rua do Feirapark, N\u00ba 50 Room 1.3 | 4520 \u2013 632 S\u00e3o Jo\u00e3o de Ver<\/strong><\/p>\n<p><strong>Cookies`s Policy<\/strong><\/p>\n<p>Criterdestaque \u2013 Prote\u00e7\u00e3o Contra Inc\u00eandio Unip, Lda uses cookies that help providing you a better service and experience as user of our website. By visiting and exploring our website you agree with the ultilization of cookies.<\/p>\n<p>To assure that our website offers a good experience of page navigation to all visitors and provides a more personalized service, our server uses cookies (small informative\/text files) to collect and store information.<\/p>\n<p>If you want to, you can disable this option in your browser, which will limit your access to certain parts of our website or enables the reception of personalized information.<\/p>\n<p>The use of cookies is a common practise in the majority of the websites with purpose of making our offer user-friendly to the user and facilitate the page navigation.<\/p>\n<p>Criterdestaque \u2013 Prote\u00e7\u00e3o Contra Inc\u00eandio Unip. Lda, can use cookies to collect information during your visit to our website, such as the areas you visit and the activities you interact with. These files will be used to avoid that visitor has to repeatedly introduce his personal information, facilitate the exploration of the website and the personalization of services. Cookies can be used to help in your future utilisations of the applications. Once the computer can identify the personal information that has already been given,you will not be asked to provide the same information again.<\/p>\n<p>The user can accept or disable the cookies. The majority of the browsers or applications in the web accepts cookies automatically. In case, the user does not intends to use the cookies, he should change the set ups of his browser concerning the acceptance or not acceptance of cookies.<\/p>\n<p><strong>Privacy Policy<\/strong><\/p>\n<p><strong>Information Collection<\/strong><strong><br><\/strong>Every time needed the gathering of personal data, the use of this same information will be done accordingly the legislation applied, Regulation (EU)2016\/679 European Parliament and Council, dated on 27th April 2016, it is assured to the owner of the data the legal right of access, correction,alteration, elimination and portability of his personal data, by using a written request to the responsable entity, sent by registered mail to Rua do Feirapark, N\u00ba 50 Sala 1.3 | 4520 \u2013 632 S\u00e3o Jo\u00e3o de Ver or by email to: geral@criterdestaque.pt<\/p>\n<p>The owner of the data can also make a complain to CNPD (National Commission of Data Protection) or any other control national authority.<\/p>\n<p>All the information collected is provided voluntarily through our website, online queries,questionnaire, promotions and \/or quiz games. Criterdestaque \u2013 Prote\u00e7\u00e3o Contra Inc\u00eandio Unip., collects personal data such as name, address, e-mails,telephone numbers, IP address, demographic data and lifestyle information towards the endings ahead clarified.The entity responsible&nbsp; for the data gathering and treatment is Criterdestaque \u2013 Prote\u00e7\u00e3o Contra Inc\u00eandio Unip. ,Lda.<\/p>\n<p><strong>Utilization of the information collected<\/strong><strong><br><\/strong>Criterdestaque \u2013 Prote\u00e7\u00e3o Contra Inc\u00eandio Unip. Lda has the commitment to fulfill the legal regulations concerning the treatment and storage of personal data&nbsp; in Portugal.<\/p>\n<p>The information obtained can be used by Criterdestaque \u2013 Prote\u00e7\u00e3o Contra Inc\u00eandio Unip. Lda to send publicity about marketing actions or other commercial actions developed.<\/p>\n<p>The data gathered are for exclusive use of Criterdestaque \u2013 Prote\u00e7\u00e3o Contra Inc\u00eandio Unip. Lda, to forward the requests made through by this web page, to assure the privacy and protection of all data concerning of the users.<\/p>\n<p>Criterdestaque \u2013 Prote\u00e7\u00e3o Contra Inc\u00eandio Unip. Lda can share personal information of the user with other companies, when needed to provide or supply a service or product,, it is assured that the information shared is only the strictly needed to satisfy the request.<\/p>\n<p><\/p>\n<p><strong>Right to access, Correction, Cancellation and Opposition<\/strong><strong><br><\/strong>In conformity with regulation (EU) 2016\/679 from the European Parliament and Council, dated on 27th April 2016, any person can request the access to his personal data, to be aware of its content, to demand its correction, update or its destruction, through&nbsp; a written request addressed to the responsible entity to the following email&nbsp;: <a href=\"mailto:geral@criterdestaque.pt\">geral@criterdestaque.pt<\/a><\/p>\n<p><strong>Safety and Data Protection<\/strong><strong><br><\/strong>Criterdestaque \u2013 Prote\u00e7\u00e3o Contra Inc\u00eandio Unip., Lda is commited to adopt all measures and necessary procedures to assure the protection of the personal data of the users against an&nbsp; abusive utilisation or non authorized access.<\/p>\n<p>Neverless, being the internet a mean of communication not 100% safe, Criterdestaque \u2013 Prote\u00e7\u00e3o Contra Inc\u00eandio, Unip. Lda cannot assure the security of any information published online, either be hold responsable for losses or damage caused to the user as consequence of the lost of the confidentiality of the information.<\/p>\n<p><strong>Responsability<\/strong><strong><br><\/strong>At this web page, the users Criterdestaque \u2013 Prote\u00e7\u00e3o Contra Inc\u00eandio Unip. Lda , will find links that will forward&nbsp; them to other web pages outside the domain of Criterdestaque \u2013 Prote\u00e7\u00e3o Contra Inc\u00eandio Unip., Lda`s servers, which can by themselves collect personal data or request for personal information. The present privacy policy does not applies to third web pages, therefore, the user must read the privacy policy of the third web pages that visits, stating clear that we have no responsability for the content and the information provided in these other websites.<\/p>\n<p><strong>Agreement with Privacy Policy<\/strong><strong><br><\/strong>We, therefore understand the user accepts the conditions of our privacy policy by consenting in the introduction of his data. The fulfillment of questionnaries impllies the authorization, by the user, of the automatic treatment and utilization of the data accordingly the conditions of privacy described in this document.<\/p>\n<p><strong>Alterations to Privacy Policy<\/strong><strong><br><\/strong>Criterdestaque \u2013 Prote\u00e7\u00e3o Contra Inc\u00eandio Unip. Lda, is entitled to, at any moment, update or review the present privacy policy in order to adjust to any legal alterations and\/or other condicionalisms. Any change\/alteration made will be made public in this section, therefore the user must, regularly, visit this area to be informed and updated about the Privacy Policy valid.<\/p><p><span style=\"color: var( --e-global-color-text ); font-family: var( --e-global-typography-text-font-family ), Sans-serif; font-size: var(--body-font-size); font-weight: var( --e-global-typography-text-font-weight );\">S. Jo\u00e3o de Ver, April 2022<\/span><\/p>\t\t\t\t\t\t<\/div>\n\t\t\t\t<\/div>\n\t\t        <\/div>\n        <\/div>\n        \t\t        <\/div>\n        <\/section>\n\t\t        <\/div>\n        <\/div>\n        \t\t        <\/div>\n        <\/section>\n\t\t\t\t\t\t\t<\/div>\n\t\t","protected":false},"excerpt":{"rendered":"<p>Privacy Policy Home Privacy Policy Please read, carefully, the information about our cookies and privacy policies. If you do not agree with our policies you should not use our website. The presente policy of cookies and policy of privacy disclose how the information is collected and how the personal data are used, as also the [&hellip;]<\/p>\n","protected":false},"author":1,"featured_media":0,"parent":0,"menu_order":999,"comment_status":"closed","ping_status":"closed","template":"","meta":{"footnotes":""},"class_list":["post-6171","page","type-page","status-publish","hentry","cms-no-post-thumbnail"],"yoast_head":"<!-- This site is optimized with the Yoast SEO plugin v21.0 - https:\/\/yoast.com\/wordpress\/plugins\/seo\/ -->\n<title>Privacy Policy | Criterdestaque<\/title>\n<meta name=\"robots\" content=\"index, follow, max-snippet:-1, max-image-preview:large, max-video-preview:-1\" \/>\n<link rel=\"canonical\" href=\"https:\/\/criterdestaque.pt\/en\/privacy-policy\/\" \/>\n<meta property=\"og:locale\" content=\"en_US\" \/>\n<meta property=\"og:type\" content=\"article\" \/>\n<meta property=\"og:title\" content=\"Privacy Policy | Criterdestaque\" \/>\n<meta property=\"og:description\" content=\"Privacy Policy Home Privacy Policy Please read, carefully, the information about our cookies and privacy policies. If you do not agree with our policies you should not use our website. The presente policy of cookies and policy of privacy disclose how the information is collected and how the personal data are used, as also the [&hellip;]\" \/>\n<meta property=\"og:url\" content=\"https:\/\/criterdestaque.pt\/en\/privacy-policy\/\" \/>\n<meta property=\"og:site_name\" content=\"Criterdestaque\" \/>\n<meta property=\"article:publisher\" content=\"https:\/\/www.facebook.com\/criterdestaque\/\" \/>\n<meta property=\"article:modified_time\" content=\"2022-06-02T09:48:21+00:00\" \/>\n<meta property=\"og:image\" content=\"https:\/\/criterdestaque.pt\/wp-content\/uploads\/2022\/05\/cropped-Favicon-Criterdestaque.jpg\" \/>\n\t<meta property=\"og:image:width\" content=\"512\" \/>\n\t<meta property=\"og:image:height\" content=\"512\" \/>\n\t<meta property=\"og:image:type\" content=\"image\/jpeg\" \/>\n<meta name=\"twitter:card\" content=\"summary_large_image\" \/>\n<meta name=\"twitter:label1\" content=\"Est. reading time\" \/>\n\t<meta name=\"twitter:data1\" content=\"6 minutes\" \/>\n<script type=\"application\/ld+json\" class=\"yoast-schema-graph\">{\"@context\":\"https:\/\/schema.org\",\"@graph\":[{\"@type\":\"WebPage\",\"@id\":\"https:\/\/criterdestaque.pt\/en\/privacy-policy\/\",\"url\":\"https:\/\/criterdestaque.pt\/en\/privacy-policy\/\",\"name\":\"Privacy Policy | Criterdestaque\",\"isPartOf\":{\"@id\":\"https:\/\/criterdestaque.pt\/en\/#website\"},\"datePublished\":\"2021-09-06T10:04:46+00:00\",\"dateModified\":\"2022-06-02T09:48:21+00:00\",\"breadcrumb\":{\"@id\":\"https:\/\/criterdestaque.pt\/en\/privacy-policy\/#breadcrumb\"},\"inLanguage\":\"en-US\",\"potentialAction\":[{\"@type\":\"ReadAction\",\"target\":[\"https:\/\/criterdestaque.pt\/en\/privacy-policy\/\"]}]},{\"@type\":\"BreadcrumbList\",\"@id\":\"https:\/\/criterdestaque.pt\/en\/privacy-policy\/#breadcrumb\",\"itemListElement\":[{\"@type\":\"ListItem\",\"position\":1,\"name\":\"In\u00edcio\",\"item\":\"https:\/\/criterdestaque.pt\/en\/\"},{\"@type\":\"ListItem\",\"position\":2,\"name\":\"Privacy Policy\"}]},{\"@type\":\"WebSite\",\"@id\":\"https:\/\/criterdestaque.pt\/en\/#website\",\"url\":\"https:\/\/criterdestaque.pt\/en\/\",\"name\":\"Criterdestaque\",\"description\":\"Protec\u00e7\u00e3o Contra Inc\u00eandio\",\"publisher\":{\"@id\":\"https:\/\/criterdestaque.pt\/en\/#organization\"},\"potentialAction\":[{\"@type\":\"SearchAction\",\"target\":{\"@type\":\"EntryPoint\",\"urlTemplate\":\"https:\/\/criterdestaque.pt\/en\/?s={search_term_string}\"},\"query-input\":\"required name=search_term_string\"}],\"inLanguage\":\"en-US\"},{\"@type\":\"Organization\",\"@id\":\"https:\/\/criterdestaque.pt\/en\/#organization\",\"name\":\"Criterdestaque\",\"url\":\"https:\/\/criterdestaque.pt\/en\/\",\"logo\":{\"@type\":\"ImageObject\",\"inLanguage\":\"en-US\",\"@id\":\"https:\/\/criterdestaque.pt\/en\/#\/schema\/logo\/image\/\",\"url\":\"https:\/\/criterdestaque.pt\/wp-content\/uploads\/2022\/05\/cropped-Favicon-Criterdestaque.jpg\",\"contentUrl\":\"https:\/\/criterdestaque.pt\/wp-content\/uploads\/2022\/05\/cropped-Favicon-Criterdestaque.jpg\",\"width\":512,\"height\":512,\"caption\":\"Criterdestaque\"},\"image\":{\"@id\":\"https:\/\/criterdestaque.pt\/en\/#\/schema\/logo\/image\/\"},\"sameAs\":[\"https:\/\/www.facebook.com\/criterdestaque\/\",\"https:\/\/www.youtube.com\/channel\/UCZNEso1oH4cvu43dJXwZxtw\",\"https:\/\/www.linkedin.com\/company\/criterdestaque-proteco-contra-incndio-unip-lda\/\"]}]}<\/script>\n<!-- \/ Yoast SEO plugin. -->","yoast_head_json":{"title":"Privacy Policy | Criterdestaque","robots":{"index":"index","follow":"follow","max-snippet":"max-snippet:-1","max-image-preview":"max-image-preview:large","max-video-preview":"max-video-preview:-1"},"canonical":"https:\/\/criterdestaque.pt\/en\/privacy-policy\/","og_locale":"en_US","og_type":"article","og_title":"Privacy Policy | Criterdestaque","og_description":"Privacy Policy Home Privacy Policy Please read, carefully, the information about our cookies and privacy policies. If you do not agree with our policies you should not use our website. The presente policy of cookies and policy of privacy disclose how the information is collected and how the personal data are used, as also the [&hellip;]","og_url":"https:\/\/criterdestaque.pt\/en\/privacy-policy\/","og_site_name":"Criterdestaque","article_publisher":"https:\/\/www.facebook.com\/criterdestaque\/","article_modified_time":"2022-06-02T09:48:21+00:00","og_image":[{"width":512,"height":512,"url":"https:\/\/criterdestaque.pt\/wp-content\/uploads\/2022\/05\/cropped-Favicon-Criterdestaque.jpg","type":"image\/jpeg"}],"twitter_card":"summary_large_image","twitter_misc":{"Est. reading time":"6 minutes"},"schema":{"@context":"https:\/\/schema.org","@graph":[{"@type":"WebPage","@id":"https:\/\/criterdestaque.pt\/en\/privacy-policy\/","url":"https:\/\/criterdestaque.pt\/en\/privacy-policy\/","name":"Privacy Policy | Criterdestaque","isPartOf":{"@id":"https:\/\/criterdestaque.pt\/en\/#website"},"datePublished":"2021-09-06T10:04:46+00:00","dateModified":"2022-06-02T09:48:21+00:00","breadcrumb":{"@id":"https:\/\/criterdestaque.pt\/en\/privacy-policy\/#breadcrumb"},"inLanguage":"en-US","potentialAction":[{"@type":"ReadAction","target":["https:\/\/criterdestaque.pt\/en\/privacy-policy\/"]}]},{"@type":"BreadcrumbList","@id":"https:\/\/criterdestaque.pt\/en\/privacy-policy\/#breadcrumb","itemListElement":[{"@type":"ListItem","position":1,"name":"In\u00edcio","item":"https:\/\/criterdestaque.pt\/en\/"},{"@type":"ListItem","position":2,"name":"Privacy Policy"}]},{"@type":"WebSite","@id":"https:\/\/criterdestaque.pt\/en\/#website","url":"https:\/\/criterdestaque.pt\/en\/","name":"Criterdestaque","description":"Protec\u00e7\u00e3o Contra Inc\u00eandio","publisher":{"@id":"https:\/\/criterdestaque.pt\/en\/#organization"},"potentialAction":[{"@type":"SearchAction","target":{"@type":"EntryPoint","urlTemplate":"https:\/\/criterdestaque.pt\/en\/?s={search_term_string}"},"query-input":"required name=search_term_string"}],"inLanguage":"en-US"},{"@type":"Organization","@id":"https:\/\/criterdestaque.pt\/en\/#organization","name":"Criterdestaque","url":"https:\/\/criterdestaque.pt\/en\/","logo":{"@type":"ImageObject","inLanguage":"en-US","@id":"https:\/\/criterdestaque.pt\/en\/#\/schema\/logo\/image\/","url":"https:\/\/criterdestaque.pt\/wp-content\/uploads\/2022\/05\/cropped-Favicon-Criterdestaque.jpg","contentUrl":"https:\/\/criterdestaque.pt\/wp-content\/uploads\/2022\/05\/cropped-Favicon-Criterdestaque.jpg","width":512,"height":512,"caption":"Criterdestaque"},"image":{"@id":"https:\/\/criterdestaque.pt\/en\/#\/schema\/logo\/image\/"},"sameAs":["https:\/\/www.facebook.com\/criterdestaque\/","https:\/\/www.youtube.com\/channel\/UCZNEso1oH4cvu43dJXwZxtw","https:\/\/www.linkedin.com\/company\/criterdestaque-proteco-contra-incndio-unip-lda\/"]}]}},"_links":{"self":[{"href":"https:\/\/criterdestaque.pt\/en\/wp-json\/wp\/v2\/pages\/6171","targetHints":{"allow":["GET"]}}],"collection":[{"href":"https:\/\/criterdestaque.pt\/en\/wp-json\/wp\/v2\/pages"}],"about":[{"href":"https:\/\/criterdestaque.pt\/en\/wp-json\/wp\/v2\/types\/page"}],"author":[{"embeddable":true,"href":"https:\/\/criterdestaque.pt\/en\/wp-json\/wp\/v2\/users\/1"}],"replies":[{"embeddable":true,"href":"https:\/\/criterdestaque.pt\/en\/wp-json\/wp\/v2\/comments?post=6171"}],"version-history":[{"count":5,"href":"https:\/\/criterdestaque.pt\/en\/wp-json\/wp\/v2\/pages\/6171\/revisions"}],"predecessor-version":[{"id":6228,"href":"https:\/\/criterdestaque.pt\/en\/wp-json\/wp\/v2\/pages\/6171\/revisions\/6228"}],"wp:attachment":[{"href":"https:\/\/criterdestaque.pt\/en\/wp-json\/wp\/v2\/media?parent=6171"}],"curies":[{"name":"wp","href":"https:\/\/api.w.org\/{rel}","templated":true}]}}