{"id":5950,"date":"2021-09-06T10:26:41","date_gmt":"2021-09-06T10:26:41","guid":{"rendered":"https:\/\/criterdestaque.pt\/about-us\/"},"modified":"2022-07-06T11:56:34","modified_gmt":"2022-07-06T11:56:34","slug":"about-us","status":"publish","type":"page","link":"https:\/\/criterdestaque.pt\/en\/about-us\/","title":{"rendered":"About Us"},"content":{"rendered":"\t\t<div data-elementor-type=\"wp-page\" data-elementor-id=\"5950\" class=\"elementor elementor-5950 elementor-38\" data-elementor-post-type=\"page\">\n\t\t\t\t\t\t\t        <section class=\"elementor-section elementor-top-section elementor-element elementor-element-f3f2a49 elementor-section-full_width cms-section-no-padding-yes elementor-section-height-default elementor-section-height-default cms-full-content-with-space-none cms-boxed-bg-false cms-section-boxed-divider-false cms-remove-row-no\" data-id=\"f3f2a49\" data-element_type=\"section\">\n\t\t\n\t\t<div class=\"cms-overlay-gradient\"><\/div><div class=\"cms-section-boxed-bg\"><\/div><div class=\"cms-section-boxed-divider\"><\/div><div class=\"cms-elementor-section-remove\"><\/div>        <div class=\"elementor-container elementor-column-gap-no \" >\n\t\t        <div class=\"elementor-column elementor-col-100 elementor-top-column elementor-element elementor-element-4405cd1\" data-id=\"4405cd1\" data-element_type=\"column\">\n        <div class=\"elementor-widget-wrap elementor-element-populated\">\n                        \t\t<div class=\"elementor-element elementor-element-2a1afd3 cms-page-title-layout-1 elementor-widget elementor-widget-cms_page_title\" data-id=\"2a1afd3\" data-element_type=\"widget\" data-widget_type=\"cms_page_title.default\">\n\t\t\t\t<div class=\"elementor-widget-container\">\n\t\t\t<div class=\"cms-page-title-wrapper pt-50 pt-lg-100 pt-xl-138 cms-overlay-gradient-1 text-\" style=\"background-image:url(https:\/\/criterdestaque.pt\/wp-content\/uploads\/2022\/05\/Group-137-1.png);\">\r\n    <div class=\"cms-page-title-overlay cms-page-title-gradient cms-overlay-gradient\"><\/div>\r\n    <div class=\"container\">\r\n        <div class=\"row justify-content-\">\r\n            <div class=\"cms-page-title-content-col col-12 col-lg-10 col-xl-7\">\r\n                <div class=\"cms-page-title-content\">\r\n                        <h1 class=\"cms-mainheading cms-heading empty-none text-30 text-md-40 text-lg-50 text-xl-75 lh-1  text-white empty-none\">About Us<\/h1>\r\n    <div class=\"extra-space clearfix\"> <\/div>\r\n                    <div class=\"row gutters-30 gutters-grid pt-35 empty-none justify-content-\"><\/div>\r\n                <\/div>\r\n            <\/div>\r\n        <\/div>\r\n    <\/div>\r\n    <div class=\"pt-50 pt-xl-120 pt-xl-150 d-block\"><\/div>\r\n    <div class=\"cms-breadcrumbs-wrap cms-pagetitle-breadcrumb bg-white p-tb-18 relative\"><div class=\"container\"><div class=\"cms-breadcrumb text-14 justify-content-\"><div class=\"breadcrumb-item d-flex align-items-center\"><span class=\"breadcrumb-text text-white\" >Home<\/span><span class=\"breadcrumb-divider text-custom cmsi-chevron-right rtl-flip\"><\/span><\/div><\/div><\/div><\/div><\/div>\t\t<\/div>\n\t\t\t\t<\/div>\n\t\t        <\/div>\n        <\/div>\n        \t\t        <\/div>\n        <\/section>\n\t\t        <section class=\"elementor-section elementor-top-section elementor-element elementor-element-88e2459 elementor-section-boxed elementor-section-height-default elementor-section-height-default cms-section-no-padding-no cms-boxed-bg-false cms-section-boxed-divider-false cms-remove-row-no\" data-id=\"88e2459\" data-element_type=\"section\">\n\t\t\n\t\t<div class=\"cms-overlay-gradient\"><\/div><div class=\"cms-section-boxed-bg\"><\/div><div class=\"cms-section-boxed-divider\"><\/div><div class=\"cms-elementor-section-remove\"><\/div>        <div class=\"elementor-container elementor-column-gap-default \" >\n\t\t        <div class=\"elementor-column elementor-col-100 elementor-top-column elementor-element elementor-element-6bb21c5\" data-id=\"6bb21c5\" data-element_type=\"column\">\n        <div class=\"elementor-widget-wrap elementor-element-populated\">\n                                <section class=\"elementor-section elementor-inner-section elementor-element elementor-element-59835df elementor-section-boxed elementor-section-height-default elementor-section-height-default cms-section-no-padding-no cms-boxed-bg-false cms-section-boxed-divider-false cms-remove-row-no\" data-id=\"59835df\" data-element_type=\"section\">\n\t\t\n\t\t<div class=\"cms-overlay-gradient\"><\/div><div class=\"cms-section-boxed-bg\"><\/div><div class=\"cms-section-boxed-divider\"><\/div><div class=\"cms-elementor-section-remove\"><\/div>        <div class=\"elementor-container elementor-column-gap-default \" >\n\t\t        <div class=\"elementor-column elementor-col-50 elementor-inner-column elementor-element elementor-element-771c286\" data-id=\"771c286\" data-element_type=\"column\">\n        <div class=\"elementor-widget-wrap elementor-element-populated\">\n                        \t\t<div class=\"elementor-element elementor-element-e3e730a elementor-widget elementor-widget-heading\" data-id=\"e3e730a\" data-element_type=\"widget\" data-widget_type=\"heading.default\">\n\t\t\t\t<div class=\"elementor-widget-container\">\n\t\t\t<style>\/*! elementor - v3.15.0 - 20-08-2023 *\/\n.elementor-heading-title{padding:0;margin:0;line-height:1}.elementor-widget-heading .elementor-heading-title[class*=elementor-size-]>a{color:inherit;font-size:inherit;line-height:inherit}.elementor-widget-heading .elementor-heading-title.elementor-size-small{font-size:15px}.elementor-widget-heading .elementor-heading-title.elementor-size-medium{font-size:19px}.elementor-widget-heading .elementor-heading-title.elementor-size-large{font-size:29px}.elementor-widget-heading .elementor-heading-title.elementor-size-xl{font-size:39px}.elementor-widget-heading .elementor-heading-title.elementor-size-xxl{font-size:59px}<\/style><h2 class=\"elementor-heading-title elementor-size-default\">About Us<\/h2>\t\t<\/div>\n\t\t\t\t<\/div>\n\t\t\t\t<div class=\"elementor-element elementor-element-c14547c elementor-widget elementor-widget-text-editor\" data-id=\"c14547c\" data-element_type=\"widget\" data-widget_type=\"text-editor.default\">\n\t\t\t\t<div class=\"elementor-widget-container\">\n\t\t\t<style>\/*! elementor - v3.15.0 - 20-08-2023 *\/\n.elementor-widget-text-editor.elementor-drop-cap-view-stacked .elementor-drop-cap{background-color:#69727d;color:#fff}.elementor-widget-text-editor.elementor-drop-cap-view-framed .elementor-drop-cap{color:#69727d;border:3px solid;background-color:transparent}.elementor-widget-text-editor:not(.elementor-drop-cap-view-default) .elementor-drop-cap{margin-top:8px}.elementor-widget-text-editor:not(.elementor-drop-cap-view-default) .elementor-drop-cap-letter{width:1em;height:1em}.elementor-widget-text-editor .elementor-drop-cap{float:left;text-align:center;line-height:1;font-size:50px}.elementor-widget-text-editor .elementor-drop-cap-letter{display:inline-block}<\/style>\t\t\t\t<p>Since 2014, our Company \u2013 Criterdestaque has joined a group of researchers , representing and selling Nobel systems in Portugal, Madeira, Azores and lusophone countries.<br \/>From multinational manufacturers to small independent producers we are providing industrial fire protection Systems to ensure safe and productive working environments 24\/7 whatever the circunstances.<br \/>We believe that early fire detection and fast effective suppression saves lives, assets and the environment. Therefore we offer a complete range of fire suppression systems covers all class of fires and can be applied in several sectors .<br \/>We can offer a complete range of services from risk based analysis, consultation and design through to distribution and installation of each system. Systems can also be tailored to meet individual needs.<br \/>This way we control risks, we prevent damage, we protect the Future !Aware of our responsability and our commitment to the Planet`s Sustentability, our products are all certified and totally environmentally friendly.<\/p><p><strong>Welcome to the admirable safe world of Criterdestaque\u00a0!<\/strong><\/p>\t\t\t\t\t\t<\/div>\n\t\t\t\t<\/div>\n\t\t        <\/div>\n        <\/div>\n                <div class=\"elementor-column elementor-col-50 elementor-inner-column elementor-element elementor-element-55ac2cf\" data-id=\"55ac2cf\" data-element_type=\"column\">\n        <div class=\"elementor-widget-wrap elementor-element-populated\">\n                        \t\t<div class=\"elementor-element elementor-element-dbb8ae1 elementor-widget elementor-widget-image\" data-id=\"dbb8ae1\" data-element_type=\"widget\" data-widget_type=\"image.default\">\n\t\t\t\t<div class=\"elementor-widget-container\">\n\t\t\t<style>\/*! elementor - v3.15.0 - 20-08-2023 *\/\n.elementor-widget-image{text-align:center}.elementor-widget-image a{display:inline-block}.elementor-widget-image a img[src$=\".svg\"]{width:48px}.elementor-widget-image img{vertical-align:middle;display:inline-block}<\/style>\t\t\t\t\t\t\t\t\t\t\t\t<img decoding=\"async\" width=\"545\" height=\"562\" src=\"https:\/\/criterdestaque.pt\/wp-content\/uploads\/2022\/04\/Group-129-545x562.png\" class=\"attachment-large size-large wp-image-4757\" alt=\"\" srcset=\"https:\/\/criterdestaque.pt\/wp-content\/uploads\/2022\/04\/Group-129-545x562.png 545w, https:\/\/criterdestaque.pt\/wp-content\/uploads\/2022\/04\/Group-129-11x12.png 11w\" sizes=\"(max-width: 545px) 100vw, 545px\" \/>\t\t\t\t\t\t\t\t\t\t\t\t\t\t\t<\/div>\n\t\t\t\t<\/div>\n\t\t        <\/div>\n        <\/div>\n        \t\t        <\/div>\n        <\/section>\n\t\t        <\/div>\n        <\/div>\n        \t\t        <\/div>\n        <\/section>\n\t\t\t\t\t\t\t<\/div>\n\t\t","protected":false},"excerpt":{"rendered":"<p>About Us Home \/*! elementor &#8211; v3.6.5 &#8211; 27-04-2022 *\/ .elementor-heading-title{padding:0;margin:0;line-height:1}.elementor-widget-heading .elementor-heading-title[class*=elementor-size-]&gt;a{color:inherit;font-size:inherit;line-height:inherit}.elementor-widget-heading .elementor-heading-title.elementor-size-small{font-size:15px}.elementor-widget-heading .elementor-heading-title.elementor-size-medium{font-size:19px}.elementor-widget-heading .elementor-heading-title.elementor-size-large{font-size:29px}.elementor-widget-heading .elementor-heading-title.elementor-size-xl{font-size:39px}.elementor-widget-heading .elementor-heading-title.elementor-size-xxl{font-size:59px} About Us Since 2014, our Company \u2013 Criterdestaque has joined a group of researchers , representing and selling Nobel systems in Portugal, Madeira, Azores and lusophone countries.From multinational manufacturers to small independent producers we are providing industrial fire [&hellip;]<\/p>\n","protected":false},"author":1,"featured_media":0,"parent":0,"menu_order":4,"comment_status":"closed","ping_status":"closed","template":"","meta":{"footnotes":""},"class_list":["post-5950","page","type-page","status-publish","hentry","cms-no-post-thumbnail"],"yoast_head":"<!-- This site is optimized with the Yoast SEO plugin v21.0 - https:\/\/yoast.com\/wordpress\/plugins\/seo\/ -->\n<title>About Us | Criterdestaque<\/title>\n<meta name=\"robots\" content=\"index, follow, max-snippet:-1, max-image-preview:large, max-video-preview:-1\" \/>\n<link rel=\"canonical\" href=\"https:\/\/criterdestaque.pt\/en\/about-us\/\" \/>\n<meta property=\"og:locale\" content=\"en_US\" \/>\n<meta property=\"og:type\" content=\"article\" \/>\n<meta property=\"og:title\" content=\"About Us | Criterdestaque\" \/>\n<meta property=\"og:description\" content=\"About Us Home \/*! elementor &#8211; v3.6.5 &#8211; 27-04-2022 *\/ .elementor-heading-title{padding:0;margin:0;line-height:1}.elementor-widget-heading .elementor-heading-title[class*=elementor-size-]&gt;a{color:inherit;font-size:inherit;line-height:inherit}.elementor-widget-heading .elementor-heading-title.elementor-size-small{font-size:15px}.elementor-widget-heading .elementor-heading-title.elementor-size-medium{font-size:19px}.elementor-widget-heading .elementor-heading-title.elementor-size-large{font-size:29px}.elementor-widget-heading .elementor-heading-title.elementor-size-xl{font-size:39px}.elementor-widget-heading .elementor-heading-title.elementor-size-xxl{font-size:59px} About Us Since 2014, our Company \u2013 Criterdestaque has joined a group of researchers , representing and selling Nobel systems in Portugal, Madeira, Azores and lusophone countries.From multinational manufacturers to small independent producers we are providing industrial fire [&hellip;]\" \/>\n<meta property=\"og:url\" content=\"https:\/\/criterdestaque.pt\/en\/about-us\/\" \/>\n<meta property=\"og:site_name\" content=\"Criterdestaque\" \/>\n<meta property=\"article:publisher\" content=\"https:\/\/www.facebook.com\/criterdestaque\/\" \/>\n<meta property=\"article:modified_time\" content=\"2022-07-06T11:56:34+00:00\" \/>\n<meta property=\"og:image\" content=\"https:\/\/criterdestaque.pt\/wp-content\/uploads\/2022\/04\/Group-129-545x562.png\" \/>\n<meta name=\"twitter:card\" content=\"summary_large_image\" \/>\n<meta name=\"twitter:label1\" content=\"Est. reading time\" \/>\n\t<meta name=\"twitter:data1\" content=\"1 minute\" \/>\n<script type=\"application\/ld+json\" class=\"yoast-schema-graph\">{\"@context\":\"https:\/\/schema.org\",\"@graph\":[{\"@type\":\"WebPage\",\"@id\":\"https:\/\/criterdestaque.pt\/en\/about-us\/\",\"url\":\"https:\/\/criterdestaque.pt\/en\/about-us\/\",\"name\":\"About Us | Criterdestaque\",\"isPartOf\":{\"@id\":\"https:\/\/criterdestaque.pt\/en\/#website\"},\"datePublished\":\"2021-09-06T10:26:41+00:00\",\"dateModified\":\"2022-07-06T11:56:34+00:00\",\"breadcrumb\":{\"@id\":\"https:\/\/criterdestaque.pt\/en\/about-us\/#breadcrumb\"},\"inLanguage\":\"en-US\",\"potentialAction\":[{\"@type\":\"ReadAction\",\"target\":[\"https:\/\/criterdestaque.pt\/en\/about-us\/\"]}]},{\"@type\":\"BreadcrumbList\",\"@id\":\"https:\/\/criterdestaque.pt\/en\/about-us\/#breadcrumb\",\"itemListElement\":[{\"@type\":\"ListItem\",\"position\":1,\"name\":\"In\u00edcio\",\"item\":\"https:\/\/criterdestaque.pt\/en\/\"},{\"@type\":\"ListItem\",\"position\":2,\"name\":\"About Us\"}]},{\"@type\":\"WebSite\",\"@id\":\"https:\/\/criterdestaque.pt\/en\/#website\",\"url\":\"https:\/\/criterdestaque.pt\/en\/\",\"name\":\"Criterdestaque\",\"description\":\"Protec\u00e7\u00e3o Contra Inc\u00eandio\",\"publisher\":{\"@id\":\"https:\/\/criterdestaque.pt\/en\/#organization\"},\"potentialAction\":[{\"@type\":\"SearchAction\",\"target\":{\"@type\":\"EntryPoint\",\"urlTemplate\":\"https:\/\/criterdestaque.pt\/en\/?s={search_term_string}\"},\"query-input\":\"required name=search_term_string\"}],\"inLanguage\":\"en-US\"},{\"@type\":\"Organization\",\"@id\":\"https:\/\/criterdestaque.pt\/en\/#organization\",\"name\":\"Criterdestaque\",\"url\":\"https:\/\/criterdestaque.pt\/en\/\",\"logo\":{\"@type\":\"ImageObject\",\"inLanguage\":\"en-US\",\"@id\":\"https:\/\/criterdestaque.pt\/en\/#\/schema\/logo\/image\/\",\"url\":\"https:\/\/criterdestaque.pt\/wp-content\/uploads\/2022\/05\/cropped-Favicon-Criterdestaque.jpg\",\"contentUrl\":\"https:\/\/criterdestaque.pt\/wp-content\/uploads\/2022\/05\/cropped-Favicon-Criterdestaque.jpg\",\"width\":512,\"height\":512,\"caption\":\"Criterdestaque\"},\"image\":{\"@id\":\"https:\/\/criterdestaque.pt\/en\/#\/schema\/logo\/image\/\"},\"sameAs\":[\"https:\/\/www.facebook.com\/criterdestaque\/\",\"https:\/\/www.youtube.com\/channel\/UCZNEso1oH4cvu43dJXwZxtw\",\"https:\/\/www.linkedin.com\/company\/criterdestaque-proteco-contra-incndio-unip-lda\/\"]}]}<\/script>\n<!-- \/ Yoast SEO plugin. -->","yoast_head_json":{"title":"About Us | Criterdestaque","robots":{"index":"index","follow":"follow","max-snippet":"max-snippet:-1","max-image-preview":"max-image-preview:large","max-video-preview":"max-video-preview:-1"},"canonical":"https:\/\/criterdestaque.pt\/en\/about-us\/","og_locale":"en_US","og_type":"article","og_title":"About Us | Criterdestaque","og_description":"About Us Home \/*! elementor &#8211; v3.6.5 &#8211; 27-04-2022 *\/ .elementor-heading-title{padding:0;margin:0;line-height:1}.elementor-widget-heading .elementor-heading-title[class*=elementor-size-]&gt;a{color:inherit;font-size:inherit;line-height:inherit}.elementor-widget-heading .elementor-heading-title.elementor-size-small{font-size:15px}.elementor-widget-heading .elementor-heading-title.elementor-size-medium{font-size:19px}.elementor-widget-heading .elementor-heading-title.elementor-size-large{font-size:29px}.elementor-widget-heading .elementor-heading-title.elementor-size-xl{font-size:39px}.elementor-widget-heading .elementor-heading-title.elementor-size-xxl{font-size:59px} About Us Since 2014, our Company \u2013 Criterdestaque has joined a group of researchers , representing and selling Nobel systems in Portugal, Madeira, Azores and lusophone countries.From multinational manufacturers to small independent producers we are providing industrial fire [&hellip;]","og_url":"https:\/\/criterdestaque.pt\/en\/about-us\/","og_site_name":"Criterdestaque","article_publisher":"https:\/\/www.facebook.com\/criterdestaque\/","article_modified_time":"2022-07-06T11:56:34+00:00","og_image":[{"url":"https:\/\/criterdestaque.pt\/wp-content\/uploads\/2022\/04\/Group-129-545x562.png"}],"twitter_card":"summary_large_image","twitter_misc":{"Est. reading time":"1 minute"},"schema":{"@context":"https:\/\/schema.org","@graph":[{"@type":"WebPage","@id":"https:\/\/criterdestaque.pt\/en\/about-us\/","url":"https:\/\/criterdestaque.pt\/en\/about-us\/","name":"About Us | Criterdestaque","isPartOf":{"@id":"https:\/\/criterdestaque.pt\/en\/#website"},"datePublished":"2021-09-06T10:26:41+00:00","dateModified":"2022-07-06T11:56:34+00:00","breadcrumb":{"@id":"https:\/\/criterdestaque.pt\/en\/about-us\/#breadcrumb"},"inLanguage":"en-US","potentialAction":[{"@type":"ReadAction","target":["https:\/\/criterdestaque.pt\/en\/about-us\/"]}]},{"@type":"BreadcrumbList","@id":"https:\/\/criterdestaque.pt\/en\/about-us\/#breadcrumb","itemListElement":[{"@type":"ListItem","position":1,"name":"In\u00edcio","item":"https:\/\/criterdestaque.pt\/en\/"},{"@type":"ListItem","position":2,"name":"About Us"}]},{"@type":"WebSite","@id":"https:\/\/criterdestaque.pt\/en\/#website","url":"https:\/\/criterdestaque.pt\/en\/","name":"Criterdestaque","description":"Protec\u00e7\u00e3o Contra Inc\u00eandio","publisher":{"@id":"https:\/\/criterdestaque.pt\/en\/#organization"},"potentialAction":[{"@type":"SearchAction","target":{"@type":"EntryPoint","urlTemplate":"https:\/\/criterdestaque.pt\/en\/?s={search_term_string}"},"query-input":"required name=search_term_string"}],"inLanguage":"en-US"},{"@type":"Organization","@id":"https:\/\/criterdestaque.pt\/en\/#organization","name":"Criterdestaque","url":"https:\/\/criterdestaque.pt\/en\/","logo":{"@type":"ImageObject","inLanguage":"en-US","@id":"https:\/\/criterdestaque.pt\/en\/#\/schema\/logo\/image\/","url":"https:\/\/criterdestaque.pt\/wp-content\/uploads\/2022\/05\/cropped-Favicon-Criterdestaque.jpg","contentUrl":"https:\/\/criterdestaque.pt\/wp-content\/uploads\/2022\/05\/cropped-Favicon-Criterdestaque.jpg","width":512,"height":512,"caption":"Criterdestaque"},"image":{"@id":"https:\/\/criterdestaque.pt\/en\/#\/schema\/logo\/image\/"},"sameAs":["https:\/\/www.facebook.com\/criterdestaque\/","https:\/\/www.youtube.com\/channel\/UCZNEso1oH4cvu43dJXwZxtw","https:\/\/www.linkedin.com\/company\/criterdestaque-proteco-contra-incndio-unip-lda\/"]}]}},"_links":{"self":[{"href":"https:\/\/criterdestaque.pt\/en\/wp-json\/wp\/v2\/pages\/5950","targetHints":{"allow":["GET"]}}],"collection":[{"href":"https:\/\/criterdestaque.pt\/en\/wp-json\/wp\/v2\/pages"}],"about":[{"href":"https:\/\/criterdestaque.pt\/en\/wp-json\/wp\/v2\/types\/page"}],"author":[{"embeddable":true,"href":"https:\/\/criterdestaque.pt\/en\/wp-json\/wp\/v2\/users\/1"}],"replies":[{"embeddable":true,"href":"https:\/\/criterdestaque.pt\/en\/wp-json\/wp\/v2\/comments?post=5950"}],"version-history":[{"count":5,"href":"https:\/\/criterdestaque.pt\/en\/wp-json\/wp\/v2\/pages\/5950\/revisions"}],"predecessor-version":[{"id":6324,"href":"https:\/\/criterdestaque.pt\/en\/wp-json\/wp\/v2\/pages\/5950\/revisions\/6324"}],"wp:attachment":[{"href":"https:\/\/criterdestaque.pt\/en\/wp-json\/wp\/v2\/media?parent=5950"}],"curies":[{"name":"wp","href":"https:\/\/api.w.org\/{rel}","templated":true}]}}